{"id":759,"date":"2017-02-23T12:53:34","date_gmt":"2017-02-23T12:53:34","guid":{"rendered":"http:\/\/www.ovilla.es\/wordpress\/cookies-policy\/"},"modified":"2018-03-28T09:45:49","modified_gmt":"2018-03-28T09:45:49","slug":"cookies-policy","status":"publish","type":"page","link":"http:\/\/www.ovilla.es\/en\/cookies-policy\/","title":{"rendered":"Cookies Policy"},"content":{"rendered":"<p>[et_pb_section admin_label=&#8221;section&#8221;][et_pb_row admin_label=&#8221;row&#8221;][et_pb_column type=&#8221;4_4&#8243;][et_pb_text admin_label=&#8221;Texto&#8221;]<\/p>\n<h1>COOKIES POLICY<\/h1>\n<p>A cookie is a small information sent by a website and stored in the user&#8217;s browser, so that the website can check the user&#8217;s previous activity.<\/p>\n<p>This website uses the following cookies as detailed below:<\/p>\n<ul>\n<li>cookies strictly necessary for the provision of certain services expressly requested by the user: if these cookies are deactivated, you will not be able to receive our content and services correctly; And<\/li>\n<li>Analytic cookies, which help to provide statistical data for web use to improve the content and service we offer.<\/li>\n<\/ul>\n<h1>DISCONNECTING COOKIES<\/h1>\n<p>The user can &#8211; at any time &#8211; choose which cookies he wants to work on this website by setting the <strong> browser :<\/strong><\/p>\n<ul>\n<li><strong> Chrome , from <\/strong><a href=\"http:\/\/support.google.com\/chrome\/bin\/answer.py?hl=en&amp;answer=95647\" target=\"_blank\"> Http:\/\/support.google.com\/chrome\/bin\/answer.py?hl=en&amp;answer=95647 <\/a><\/li>\n<li><strong> Explorer , from <\/strong><a href=\"http:\/\/windows.microsoft.com\/en-us\/windows7\/how-to-manage-cookies-in-internet-explorer-9\" target=\"_blank\"> http:\/\/windows.microsoft.com\/en-us\/windows7\/how-to-manage-cookies-in-internet-explorer-9 <\/a><\/li>\n<li><strong> Firefox , from <\/strong><a href=\"https:\/\/support.mozilla.org\/en-US\/kb\/enable-and-disable-cookies-website-preferences\" target=\"_blank\"> http:\/\/support.mozilla.org\/en\/kb\/enable-and-disable-cookies-that-the-sites-we <\/a><\/li>\n<li>Safari, from <a href=\"http:\/\/support.apple.com\/kb\/ph5042\" target=\"_blank\"> http:\/\/support.apple.com\/kb\/ph5042 <\/a><\/li>\n<\/ul>\n<p>[\/et_pb_text][\/et_pb_column][\/et_pb_row][\/et_pb_section]<\/p>\n","protected":false},"excerpt":{"rendered":"<p>COOKIES POLICY A cookie is a small information sent by a website and stored in the user&#8217;s browser, so that the website can check the user&#8217;s previous activity. This website uses the following cookies as detailed below: cookies strictly necessary for the provision of certain services expressly requested by the user: if these cookies are [&hellip;]<\/p>\n","protected":false},"author":1,"featured_media":0,"parent":0,"menu_order":4,"comment_status":"closed","ping_status":"closed","template":"","meta":{"_et_pb_use_builder":"on","_et_pb_old_content":"<article><h1>POL\u00cdTICA DE COOKIES<\/h1><p>Una cookie es una peque\u00f1a informaci\u00f3n enviada por un sitio web y almacenada en el navegador del usuario, de manera que el sitio web puede consultar la actividad previa del usuario.<\/p><p>En este sitio web se utilizan las siguientes cookies que se detallan a continuaci\u00f3n:<\/p><ul><li>cookies estrictamente necesarias para la prestaci\u00f3n de determinados servicios solicitados expresamente por el usuario: si se desactivan estas cookies, no podr\u00e1 recibir correctamente nuestros contenidos y servicios; y<\/li><li>cookies anal\u00edticas, las cuales ayudan a proporionar datos estad\u00edsticos de uso de la web para mejorar en el contenido y servicio que ofrecemos.<\/li><\/ul><p><br \/><br \/><\/p><h2>DESACTIVACI\u00d3N DE COOKIES<\/h2><p>El usuario podr\u00e1 -en cualquier momento- elegir qu\u00e9 cookies quiere que funcionen en este sitio web mediante la configuraci\u00f3n del <strong>navegador<\/strong>:<\/p><ul><li><strong>Chrome<\/strong>, desde <a href=\"http:\/\/support.google.com\/chrome\/bin\/answer.py?hl=es&answer=95647\" target=\"_blank\">http:\/\/support.google.com\/chrome\/bin\/answer.py?hl=es&answer=95647 <\/a><\/li><li><strong>Explorer<\/strong>, desde <a href=\"http:\/\/windows.microsoft.com\/es-es\/windows7\/how-to-manage-cookies-in-internet-explorer-9\" target=\"_blank\">http:\/\/windows.microsoft.com\/es-es\/windows7\/how-to-manage-cookies-in-internet-explorer-9<\/a><\/li><li><strong>Firefox<\/strong>, desde <a href=\"http:\/\/support.mozilla.org\/es\/kb\/habilitar-y-deshabilitar-cookies-que-los-sitios-we\" target=\"_blank\">http:\/\/support.mozilla.org\/es\/kb\/habilitar-y-deshabilitar-cookies-que-los-sitios-we<\/a><\/li><li>Safari, desde <a href=\"http:\/\/support.apple.com\/kb\/ph5042\" target=\"_blank\">http:\/\/support.apple.com\/kb\/ph5042<\/a><br \/><br \/><\/li><\/ul><p>\u00a0<\/p><\/article>","_et_gb_content_width":""},"yoast_head":"<!-- This site is optimized with the Yoast SEO plugin v19.10 - https:\/\/yoast.com\/wordpress\/plugins\/seo\/ -->\n<title>Cookies Policy - Ovilla Productos Artesanos<\/title>\n<meta name=\"robots\" content=\"index, follow, max-snippet:-1, max-image-preview:large, max-video-preview:-1\" \/>\n<link rel=\"canonical\" href=\"http:\/\/www.ovilla.es\/en\/cookies-policy\/\" \/>\n<meta property=\"og:locale\" content=\"en_US\" \/>\n<meta property=\"og:type\" content=\"article\" \/>\n<meta property=\"og:title\" content=\"Cookies Policy - Ovilla Productos Artesanos\" \/>\n<meta property=\"og:description\" content=\"COOKIES POLICY A cookie is a small information sent by a website and stored in the user&#039;s browser, so that the website can check the user&#039;s previous activity. This website uses the following cookies as detailed below: cookies strictly necessary for the provision of certain services expressly requested by the user: if these cookies are [&hellip;]\" \/>\n<meta property=\"og:url\" content=\"http:\/\/www.ovilla.es\/en\/cookies-policy\/\" \/>\n<meta property=\"og:site_name\" content=\"Ovilla Productos Artesanos\" \/>\n<meta property=\"article:modified_time\" content=\"2018-03-28T09:45:49+00:00\" \/>\n<meta name=\"twitter:card\" content=\"summary_large_image\" \/>\n<meta name=\"twitter:label1\" content=\"Est. reading time\" \/>\n\t<meta name=\"twitter:data1\" content=\"1 minute\" \/>\n<script type=\"application\/ld+json\" class=\"yoast-schema-graph\">{\"@context\":\"https:\/\/schema.org\",\"@graph\":[{\"@type\":\"WebPage\",\"@id\":\"http:\/\/www.ovilla.es\/en\/cookies-policy\/\",\"url\":\"http:\/\/www.ovilla.es\/en\/cookies-policy\/\",\"name\":\"Cookies Policy - Ovilla Productos Artesanos\",\"isPartOf\":{\"@id\":\"http:\/\/www.ovilla.es\/#website\"},\"datePublished\":\"2017-02-23T12:53:34+00:00\",\"dateModified\":\"2018-03-28T09:45:49+00:00\",\"breadcrumb\":{\"@id\":\"http:\/\/www.ovilla.es\/en\/cookies-policy\/#breadcrumb\"},\"inLanguage\":\"en-US\",\"potentialAction\":[{\"@type\":\"ReadAction\",\"target\":[\"http:\/\/www.ovilla.es\/en\/cookies-policy\/\"]}]},{\"@type\":\"BreadcrumbList\",\"@id\":\"http:\/\/www.ovilla.es\/en\/cookies-policy\/#breadcrumb\",\"itemListElement\":[{\"@type\":\"ListItem\",\"position\":1,\"name\":\"Portada\",\"item\":\"http:\/\/www.ovilla.es\/en\/\"},{\"@type\":\"ListItem\",\"position\":2,\"name\":\"Cookies Policy\"}]},{\"@type\":\"WebSite\",\"@id\":\"http:\/\/www.ovilla.es\/#website\",\"url\":\"http:\/\/www.ovilla.es\/\",\"name\":\"Ovilla Productos Artesanos\",\"description\":\"Los mejores platos precocinados asturianos\",\"publisher\":{\"@id\":\"http:\/\/www.ovilla.es\/#organization\"},\"potentialAction\":[{\"@type\":\"SearchAction\",\"target\":{\"@type\":\"EntryPoint\",\"urlTemplate\":\"http:\/\/www.ovilla.es\/?s={search_term_string}\"},\"query-input\":\"required name=search_term_string\"}],\"inLanguage\":\"en-US\"},{\"@type\":\"Organization\",\"@id\":\"http:\/\/www.ovilla.es\/#organization\",\"name\":\"O.Villa Productos Artesanos\",\"url\":\"http:\/\/www.ovilla.es\/\",\"logo\":{\"@type\":\"ImageObject\",\"inLanguage\":\"en-US\",\"@id\":\"http:\/\/www.ovilla.es\/#\/schema\/logo\/image\/\",\"url\":\"http:\/\/www.ovilla.es\/wp-content\/uploads\/2017\/02\/ovilla.png\",\"contentUrl\":\"http:\/\/www.ovilla.es\/wp-content\/uploads\/2017\/02\/ovilla.png\",\"width\":250,\"height\":120,\"caption\":\"O.Villa Productos Artesanos\"},\"image\":{\"@id\":\"http:\/\/www.ovilla.es\/#\/schema\/logo\/image\/\"}}]}<\/script>\n<!-- \/ Yoast SEO plugin. -->","yoast_head_json":{"title":"Cookies Policy - Ovilla Productos Artesanos","robots":{"index":"index","follow":"follow","max-snippet":"max-snippet:-1","max-image-preview":"max-image-preview:large","max-video-preview":"max-video-preview:-1"},"canonical":"http:\/\/www.ovilla.es\/en\/cookies-policy\/","og_locale":"en_US","og_type":"article","og_title":"Cookies Policy - Ovilla Productos Artesanos","og_description":"COOKIES POLICY A cookie is a small information sent by a website and stored in the user's browser, so that the website can check the user's previous activity. This website uses the following cookies as detailed below: cookies strictly necessary for the provision of certain services expressly requested by the user: if these cookies are [&hellip;]","og_url":"http:\/\/www.ovilla.es\/en\/cookies-policy\/","og_site_name":"Ovilla Productos Artesanos","article_modified_time":"2018-03-28T09:45:49+00:00","twitter_card":"summary_large_image","twitter_misc":{"Est. reading time":"1 minute"},"schema":{"@context":"https:\/\/schema.org","@graph":[{"@type":"WebPage","@id":"http:\/\/www.ovilla.es\/en\/cookies-policy\/","url":"http:\/\/www.ovilla.es\/en\/cookies-policy\/","name":"Cookies Policy - Ovilla Productos Artesanos","isPartOf":{"@id":"http:\/\/www.ovilla.es\/#website"},"datePublished":"2017-02-23T12:53:34+00:00","dateModified":"2018-03-28T09:45:49+00:00","breadcrumb":{"@id":"http:\/\/www.ovilla.es\/en\/cookies-policy\/#breadcrumb"},"inLanguage":"en-US","potentialAction":[{"@type":"ReadAction","target":["http:\/\/www.ovilla.es\/en\/cookies-policy\/"]}]},{"@type":"BreadcrumbList","@id":"http:\/\/www.ovilla.es\/en\/cookies-policy\/#breadcrumb","itemListElement":[{"@type":"ListItem","position":1,"name":"Portada","item":"http:\/\/www.ovilla.es\/en\/"},{"@type":"ListItem","position":2,"name":"Cookies Policy"}]},{"@type":"WebSite","@id":"http:\/\/www.ovilla.es\/#website","url":"http:\/\/www.ovilla.es\/","name":"Ovilla Productos Artesanos","description":"Los mejores platos precocinados asturianos","publisher":{"@id":"http:\/\/www.ovilla.es\/#organization"},"potentialAction":[{"@type":"SearchAction","target":{"@type":"EntryPoint","urlTemplate":"http:\/\/www.ovilla.es\/?s={search_term_string}"},"query-input":"required name=search_term_string"}],"inLanguage":"en-US"},{"@type":"Organization","@id":"http:\/\/www.ovilla.es\/#organization","name":"O.Villa Productos Artesanos","url":"http:\/\/www.ovilla.es\/","logo":{"@type":"ImageObject","inLanguage":"en-US","@id":"http:\/\/www.ovilla.es\/#\/schema\/logo\/image\/","url":"http:\/\/www.ovilla.es\/wp-content\/uploads\/2017\/02\/ovilla.png","contentUrl":"http:\/\/www.ovilla.es\/wp-content\/uploads\/2017\/02\/ovilla.png","width":250,"height":120,"caption":"O.Villa Productos Artesanos"},"image":{"@id":"http:\/\/www.ovilla.es\/#\/schema\/logo\/image\/"}}]}},"_links":{"self":[{"href":"http:\/\/www.ovilla.es\/en\/wp-json\/wp\/v2\/pages\/759"}],"collection":[{"href":"http:\/\/www.ovilla.es\/en\/wp-json\/wp\/v2\/pages"}],"about":[{"href":"http:\/\/www.ovilla.es\/en\/wp-json\/wp\/v2\/types\/page"}],"author":[{"embeddable":true,"href":"http:\/\/www.ovilla.es\/en\/wp-json\/wp\/v2\/users\/1"}],"replies":[{"embeddable":true,"href":"http:\/\/www.ovilla.es\/en\/wp-json\/wp\/v2\/comments?post=759"}],"version-history":[{"count":2,"href":"http:\/\/www.ovilla.es\/en\/wp-json\/wp\/v2\/pages\/759\/revisions"}],"predecessor-version":[{"id":1187,"href":"http:\/\/www.ovilla.es\/en\/wp-json\/wp\/v2\/pages\/759\/revisions\/1187"}],"wp:attachment":[{"href":"http:\/\/www.ovilla.es\/en\/wp-json\/wp\/v2\/media?parent=759"}],"curies":[{"name":"wp","href":"https:\/\/api.w.org\/{rel}","templated":true}]}}